{"id":1623,"date":"2014-05-06T14:36:47","date_gmt":"2014-05-06T14:36:47","guid":{"rendered":"https:\/\/vetpoint.pt\/quem-somos\/"},"modified":"2024-05-17T16:41:10","modified_gmt":"2024-05-17T16:41:10","slug":"who-are-we","status":"publish","type":"page","link":"https:\/\/vetpoint.pt\/en\/who-are-we\/","title":{"rendered":"Who are we?"},"content":{"rendered":"<h2>Vet.Point is a Vet Clinic located in Oeiras, Portugal<\/h2>\n<h3><span style=\"color: #ffad04;\">We have been offering a reference space for veterinary treatment sice 2009.<br \/>\n<\/span><\/h3>\n<p>Our mission is to find the best solution for each situation, respecting the bond between the owner and their animal. We believe in excellent, competent and loving medicine.<\/p>\n<p><strong>We shared moments of affection and a lot of love for animals. This is Our Veterinary Medicine!<\/strong><\/p>\n<p>It is based on <strong>trust and transparency<\/strong> that for more than 10 years we have been partners with many families who share the same love for animals as we do.<\/p>\n<p>At the clinic you can find many veterinary products, from feed, diets and veterinary pharmacy, toys and accessories. We reward <strong>excellent, national and ecological veterinary products.<br \/>\n<\/strong><\/p>\n<p>Get to know our team and the services we provide.<\/p>\n<p><img fetchpriority=\"high\" decoding=\"async\" class=\"alignnone wp-image-718 \" src=\"https:\/\/vetpoint.pt\/wp-content\/uploads\/2020\/07\/equipa-1024x258.webp\" alt=\"equipa vetpoint\" width=\"779\" height=\"196\" srcset=\"https:\/\/vetpoint.pt\/wp-content\/uploads\/2020\/07\/equipa-1024x258.webp 1024w, https:\/\/vetpoint.pt\/wp-content\/uploads\/2020\/07\/equipa-300x76.webp 300w, https:\/\/vetpoint.pt\/wp-content\/uploads\/2020\/07\/equipa-768x194.webp 768w, https:\/\/vetpoint.pt\/wp-content\/uploads\/2020\/07\/equipa.webp 1154w\" sizes=\"(max-width: 779px) 100vw, 779px\" \/><\/p>\n<p><em><span style=\"color: #ffad04;\"><strong style=\"color: #ffad04;\">We have been customers for many years. Always impeccable, honest and helpful doctors. The veterinarians&#8217; secretaries and assistants are also impeccable. Excellent professionals. Congratulations!<\/strong><\/span><br \/>\n<\/em><\/p>\n<p>&nbsp;<\/p>\n","protected":false},"excerpt":{"rendered":"<p>Vet.Point is a Vet Clinic located in Oeiras, Portugal We have been offering a reference space for veterinary treatment sice 2009. Our mission is to find the best solution for each situation, respecting the bond between the owner and their animal. We believe in excellent, competent and loving medicine. We shared moments of affection and [&hellip;]<\/p>\n","protected":false},"author":3,"featured_media":0,"parent":0,"menu_order":0,"comment_status":"closed","ping_status":"closed","template":"","meta":{"_monsterinsights_skip_tracking":false,"_monsterinsights_sitenote_active":false,"_monsterinsights_sitenote_note":"","_monsterinsights_sitenote_category":0,"footnotes":""},"yoast_head":"<!-- This site is optimized with the Yoast SEO plugin v24.5 - https:\/\/yoast.com\/wordpress\/plugins\/seo\/ -->\n<title>VetPoint Veterin\u00e1rio, Oeiras - Junto ao Oeiras Parque<\/title>\n<meta name=\"description\" content=\"Partilhamos momentos de carinho e muito amor pelos animais. Conhe\u00e7a mais sobre o Consult\u00f3rio VetPoint veterin\u00e1rio em Oeiras.\" \/>\n<meta name=\"robots\" content=\"index, follow, max-snippet:-1, max-image-preview:large, max-video-preview:-1\" \/>\n<link rel=\"canonical\" href=\"https:\/\/vetpoint.pt\/en\/who-are-we\/\" \/>\n<meta property=\"og:locale\" content=\"en_US\" \/>\n<meta property=\"og:type\" content=\"article\" \/>\n<meta property=\"og:title\" content=\"VetPoint Veterin\u00e1rio, Oeiras - Junto ao Oeiras Parque\" \/>\n<meta property=\"og:description\" content=\"Partilhamos momentos de carinho e muito amor pelos animais. Conhe\u00e7a mais sobre o Consult\u00f3rio VetPoint veterin\u00e1rio em Oeiras.\" \/>\n<meta property=\"og:url\" content=\"https:\/\/vetpoint.pt\/en\/who-are-we\/\" \/>\n<meta property=\"og:site_name\" content=\"Vet.Point\" \/>\n<meta property=\"article:modified_time\" content=\"2024-05-17T16:41:10+00:00\" \/>\n<meta property=\"og:image\" content=\"https:\/\/vetpoint.pt\/wp-content\/uploads\/2020\/07\/equipa-1024x258.webp\" \/>\n<meta name=\"twitter:card\" content=\"summary_large_image\" \/>\n<meta name=\"twitter:label1\" content=\"Est. reading time\" \/>\n\t<meta name=\"twitter:data1\" content=\"1 minute\" \/>\n<script type=\"application\/ld+json\" class=\"yoast-schema-graph\">{\"@context\":\"https:\/\/schema.org\",\"@graph\":[{\"@type\":\"WebPage\",\"@id\":\"https:\/\/vetpoint.pt\/en\/who-are-we\/\",\"url\":\"https:\/\/vetpoint.pt\/en\/who-are-we\/\",\"name\":\"VetPoint Veterin\u00e1rio, Oeiras - Junto ao Oeiras Parque\",\"isPartOf\":{\"@id\":\"https:\/\/vetpoint.pt\/#website\"},\"primaryImageOfPage\":{\"@id\":\"https:\/\/vetpoint.pt\/en\/who-are-we\/#primaryimage\"},\"image\":{\"@id\":\"https:\/\/vetpoint.pt\/en\/who-are-we\/#primaryimage\"},\"thumbnailUrl\":\"https:\/\/vetpoint.pt\/wp-content\/uploads\/2020\/07\/equipa-1024x258.webp\",\"datePublished\":\"2014-05-06T14:36:47+00:00\",\"dateModified\":\"2024-05-17T16:41:10+00:00\",\"description\":\"Partilhamos momentos de carinho e muito amor pelos animais. Conhe\u00e7a mais sobre o Consult\u00f3rio VetPoint veterin\u00e1rio em Oeiras.\",\"breadcrumb\":{\"@id\":\"https:\/\/vetpoint.pt\/en\/who-are-we\/#breadcrumb\"},\"inLanguage\":\"en-US\",\"potentialAction\":[{\"@type\":\"ReadAction\",\"target\":[\"https:\/\/vetpoint.pt\/en\/who-are-we\/\"]}]},{\"@type\":\"ImageObject\",\"inLanguage\":\"en-US\",\"@id\":\"https:\/\/vetpoint.pt\/en\/who-are-we\/#primaryimage\",\"url\":\"https:\/\/vetpoint.pt\/wp-content\/uploads\/2020\/07\/equipa-1024x258.webp\",\"contentUrl\":\"https:\/\/vetpoint.pt\/wp-content\/uploads\/2020\/07\/equipa-1024x258.webp\"},{\"@type\":\"BreadcrumbList\",\"@id\":\"https:\/\/vetpoint.pt\/en\/who-are-we\/#breadcrumb\",\"itemListElement\":[{\"@type\":\"ListItem\",\"position\":1,\"name\":\"In\u00edcio\",\"item\":\"https:\/\/vetpoint.pt\/en\/\"},{\"@type\":\"ListItem\",\"position\":2,\"name\":\"Who are we?\"}]},{\"@type\":\"WebSite\",\"@id\":\"https:\/\/vetpoint.pt\/#website\",\"url\":\"https:\/\/vetpoint.pt\/\",\"name\":\"Vet.Point\",\"description\":\"Veterin\u00e1rio, Oeiras\",\"publisher\":{\"@id\":\"https:\/\/vetpoint.pt\/#organization\"},\"potentialAction\":[{\"@type\":\"SearchAction\",\"target\":{\"@type\":\"EntryPoint\",\"urlTemplate\":\"https:\/\/vetpoint.pt\/?s={search_term_string}\"},\"query-input\":{\"@type\":\"PropertyValueSpecification\",\"valueRequired\":true,\"valueName\":\"search_term_string\"}}],\"inLanguage\":\"en-US\"},{\"@type\":\"Organization\",\"@id\":\"https:\/\/vetpoint.pt\/#organization\",\"name\":\"VetPoint - Veterin\u00e1rio, Oeiras\",\"url\":\"https:\/\/vetpoint.pt\/\",\"logo\":{\"@type\":\"ImageObject\",\"inLanguage\":\"en-US\",\"@id\":\"https:\/\/vetpoint.pt\/#\/schema\/logo\/image\/\",\"url\":\"https:\/\/vetpoint.pt\/wp-content\/uploads\/2021\/03\/cropped-Logotipo-completo-gato.jpg\",\"contentUrl\":\"https:\/\/vetpoint.pt\/wp-content\/uploads\/2021\/03\/cropped-Logotipo-completo-gato.jpg\",\"width\":1886,\"height\":1268,\"caption\":\"VetPoint - Veterin\u00e1rio, Oeiras\"},\"image\":{\"@id\":\"https:\/\/vetpoint.pt\/#\/schema\/logo\/image\/\"}}]}<\/script>\n<!-- \/ Yoast SEO plugin. -->","yoast_head_json":{"title":"VetPoint Veterin\u00e1rio, Oeiras - Junto ao Oeiras Parque","description":"Partilhamos momentos de carinho e muito amor pelos animais. Conhe\u00e7a mais sobre o Consult\u00f3rio VetPoint veterin\u00e1rio em Oeiras.","robots":{"index":"index","follow":"follow","max-snippet":"max-snippet:-1","max-image-preview":"max-image-preview:large","max-video-preview":"max-video-preview:-1"},"canonical":"https:\/\/vetpoint.pt\/en\/who-are-we\/","og_locale":"en_US","og_type":"article","og_title":"VetPoint Veterin\u00e1rio, Oeiras - Junto ao Oeiras Parque","og_description":"Partilhamos momentos de carinho e muito amor pelos animais. Conhe\u00e7a mais sobre o Consult\u00f3rio VetPoint veterin\u00e1rio em Oeiras.","og_url":"https:\/\/vetpoint.pt\/en\/who-are-we\/","og_site_name":"Vet.Point","article_modified_time":"2024-05-17T16:41:10+00:00","og_image":[{"url":"https:\/\/vetpoint.pt\/wp-content\/uploads\/2020\/07\/equipa-1024x258.webp","type":"","width":"","height":""}],"twitter_card":"summary_large_image","twitter_misc":{"Est. reading time":"1 minute"},"schema":{"@context":"https:\/\/schema.org","@graph":[{"@type":"WebPage","@id":"https:\/\/vetpoint.pt\/en\/who-are-we\/","url":"https:\/\/vetpoint.pt\/en\/who-are-we\/","name":"VetPoint Veterin\u00e1rio, Oeiras - Junto ao Oeiras Parque","isPartOf":{"@id":"https:\/\/vetpoint.pt\/#website"},"primaryImageOfPage":{"@id":"https:\/\/vetpoint.pt\/en\/who-are-we\/#primaryimage"},"image":{"@id":"https:\/\/vetpoint.pt\/en\/who-are-we\/#primaryimage"},"thumbnailUrl":"https:\/\/vetpoint.pt\/wp-content\/uploads\/2020\/07\/equipa-1024x258.webp","datePublished":"2014-05-06T14:36:47+00:00","dateModified":"2024-05-17T16:41:10+00:00","description":"Partilhamos momentos de carinho e muito amor pelos animais. Conhe\u00e7a mais sobre o Consult\u00f3rio VetPoint veterin\u00e1rio em Oeiras.","breadcrumb":{"@id":"https:\/\/vetpoint.pt\/en\/who-are-we\/#breadcrumb"},"inLanguage":"en-US","potentialAction":[{"@type":"ReadAction","target":["https:\/\/vetpoint.pt\/en\/who-are-we\/"]}]},{"@type":"ImageObject","inLanguage":"en-US","@id":"https:\/\/vetpoint.pt\/en\/who-are-we\/#primaryimage","url":"https:\/\/vetpoint.pt\/wp-content\/uploads\/2020\/07\/equipa-1024x258.webp","contentUrl":"https:\/\/vetpoint.pt\/wp-content\/uploads\/2020\/07\/equipa-1024x258.webp"},{"@type":"BreadcrumbList","@id":"https:\/\/vetpoint.pt\/en\/who-are-we\/#breadcrumb","itemListElement":[{"@type":"ListItem","position":1,"name":"In\u00edcio","item":"https:\/\/vetpoint.pt\/en\/"},{"@type":"ListItem","position":2,"name":"Who are we?"}]},{"@type":"WebSite","@id":"https:\/\/vetpoint.pt\/#website","url":"https:\/\/vetpoint.pt\/","name":"Vet.Point","description":"Veterin\u00e1rio, Oeiras","publisher":{"@id":"https:\/\/vetpoint.pt\/#organization"},"potentialAction":[{"@type":"SearchAction","target":{"@type":"EntryPoint","urlTemplate":"https:\/\/vetpoint.pt\/?s={search_term_string}"},"query-input":{"@type":"PropertyValueSpecification","valueRequired":true,"valueName":"search_term_string"}}],"inLanguage":"en-US"},{"@type":"Organization","@id":"https:\/\/vetpoint.pt\/#organization","name":"VetPoint - Veterin\u00e1rio, Oeiras","url":"https:\/\/vetpoint.pt\/","logo":{"@type":"ImageObject","inLanguage":"en-US","@id":"https:\/\/vetpoint.pt\/#\/schema\/logo\/image\/","url":"https:\/\/vetpoint.pt\/wp-content\/uploads\/2021\/03\/cropped-Logotipo-completo-gato.jpg","contentUrl":"https:\/\/vetpoint.pt\/wp-content\/uploads\/2021\/03\/cropped-Logotipo-completo-gato.jpg","width":1886,"height":1268,"caption":"VetPoint - Veterin\u00e1rio, Oeiras"},"image":{"@id":"https:\/\/vetpoint.pt\/#\/schema\/logo\/image\/"}}]}},"_links":{"self":[{"href":"https:\/\/vetpoint.pt\/en\/wp-json\/wp\/v2\/pages\/1623"}],"collection":[{"href":"https:\/\/vetpoint.pt\/en\/wp-json\/wp\/v2\/pages"}],"about":[{"href":"https:\/\/vetpoint.pt\/en\/wp-json\/wp\/v2\/types\/page"}],"author":[{"embeddable":true,"href":"https:\/\/vetpoint.pt\/en\/wp-json\/wp\/v2\/users\/3"}],"replies":[{"embeddable":true,"href":"https:\/\/vetpoint.pt\/en\/wp-json\/wp\/v2\/comments?post=1623"}],"version-history":[{"count":2,"href":"https:\/\/vetpoint.pt\/en\/wp-json\/wp\/v2\/pages\/1623\/revisions"}],"predecessor-version":[{"id":1625,"href":"https:\/\/vetpoint.pt\/en\/wp-json\/wp\/v2\/pages\/1623\/revisions\/1625"}],"wp:attachment":[{"href":"https:\/\/vetpoint.pt\/en\/wp-json\/wp\/v2\/media?parent=1623"}],"curies":[{"name":"wp","href":"https:\/\/api.w.org\/{rel}","templated":true}]}}