{"id":1455,"date":"2020-08-16T11:36:18","date_gmt":"2020-08-16T11:36:18","guid":{"rendered":"https:\/\/vetpoint.pt\/aviso-legal\/"},"modified":"2024-06-03T14:35:20","modified_gmt":"2024-06-03T14:35:20","slug":"legal-notice","status":"publish","type":"page","link":"https:\/\/vetpoint.pt\/en\/legal-notice\/","title":{"rendered":"Legal notice"},"content":{"rendered":"\r\n<h1 class=\"wp-block-heading\">VetPoint &#8211; Veterinary Clinic &#8211; Oeiras<\/h1>\r\n<p><strong>Brand:<\/strong><br \/>Vet.Point<br \/>\u00a0Rua Manuela Couto Viana 5, 2780-371 Oeiras<br \/>+351 927 896 112<br \/>geral@vetpoint-ivl.com<\/p>\r\n<p><strong>Editorial manager:<\/strong><br \/>Celina Gaspar e Nuno Leite<\/p>\r\n<p><strong>Respons\u00e1vel de dados pessoais:<\/strong><br \/>Celina Gaspar e Nuno Leite<\/p>\r\n<p><strong><span id=\"result_box\" class=\"short_text\" lang=\"en\" tabindex=\"-1\"><span class=\"hps\">Editorial credits<\/span><\/span><\/strong><strong>:<\/strong><br \/>Vet.Point<\/p>\r\n<p><strong><span id=\"result_box\" class=\"short_text\" lang=\"en\" tabindex=\"-1\"><span class=\"hps\">Design &amp;<\/span>\u00a0<span class=\"hps\">Development<\/span><\/span>\u00a0:<\/strong><br \/><span id=\"result_box\" class=\"\" lang=\"en\" tabindex=\"-1\"><span class=\"hps\">O\u00a0<\/span><span class=\"hps\">site Internet www.vetpoint.pt foi criado pela <a href=\"https:\/\/www.lino-design.com\/pt\/\">ag\u00eancia <\/a><\/span><em><span class=\"hps atn\">Li-<\/span>N\u00f3\u00a0<span class=\"hps\">design<\/span><\/em>\u00a0<\/span><\/p>\r\n<p><strong>Web hosting:<\/strong><br \/>PHPNET<br \/>97-97bis rue G\u00e9n\u00e9ral Mangin \u2013 38100 GRENOBLE<\/p>\r\n<p><strong>GDPR compliant:<\/strong><br \/><a href=\"https:\/\/vetpoint.pt\/politica-privacidade\/\">Read the general terms and conditions of use<\/a><\/p>\r\n","protected":false},"excerpt":{"rendered":"<p>VetPoint &#8211; Veterinary Clinic &#8211; Oeiras Brand:Vet.Point\u00a0Rua Manuela Couto Viana 5, 2780-371 Oeiras+351 927 896 112geral@vetpoint-ivl.com Editorial manager:Celina Gaspar e Nuno Leite Respons\u00e1vel de dados pessoais:Celina Gaspar e Nuno Leite Editorial credits:Vet.Point Design &amp;\u00a0Development\u00a0:O\u00a0site Internet www.vetpoint.pt foi criado pela ag\u00eancia Li-N\u00f3\u00a0design\u00a0 Web hosting:PHPNET97-97bis rue G\u00e9n\u00e9ral Mangin \u2013 38100 GRENOBLE GDPR compliant:Read the general terms and [&hellip;]<\/p>\n","protected":false},"author":2,"featured_media":0,"parent":0,"menu_order":0,"comment_status":"closed","ping_status":"closed","template":"templates\/fullwidth.php","meta":{"_monsterinsights_skip_tracking":false,"_monsterinsights_sitenote_active":false,"_monsterinsights_sitenote_note":"","_monsterinsights_sitenote_category":0,"footnotes":""},"yoast_head":"<!-- This site is optimized with the Yoast SEO plugin v24.5 - https:\/\/yoast.com\/wordpress\/plugins\/seo\/ -->\n<title>Aviso Legal da Cl\u00ednica Veterin\u00e1ria - Vet.Point<\/title>\n<meta name=\"description\" content=\"P\u00e1gina que cont\u00e9m o aviso legal da Cl\u00ednica Veterin\u00e1ria Vet.Point com informa\u00e7\u00f5es sobre a marca, os respons\u00e1veis editoriais, entre outros.\" \/>\n<meta name=\"robots\" content=\"index, follow, max-snippet:-1, max-image-preview:large, max-video-preview:-1\" \/>\n<link rel=\"canonical\" href=\"https:\/\/vetpoint.pt\/en\/legal-notice\/\" \/>\n<meta property=\"og:locale\" content=\"en_US\" \/>\n<meta property=\"og:type\" content=\"article\" \/>\n<meta property=\"og:title\" content=\"Aviso Legal da Cl\u00ednica Veterin\u00e1ria - Vet.Point\" \/>\n<meta property=\"og:description\" content=\"P\u00e1gina que cont\u00e9m o aviso legal da Cl\u00ednica Veterin\u00e1ria Vet.Point com informa\u00e7\u00f5es sobre a marca, os respons\u00e1veis editoriais, entre outros.\" \/>\n<meta property=\"og:url\" content=\"https:\/\/vetpoint.pt\/en\/legal-notice\/\" \/>\n<meta property=\"og:site_name\" content=\"Vet.Point\" \/>\n<meta property=\"article:modified_time\" content=\"2024-06-03T14:35:20+00:00\" \/>\n<meta name=\"twitter:card\" content=\"summary_large_image\" \/>\n<meta name=\"twitter:label1\" content=\"Est. reading time\" \/>\n\t<meta name=\"twitter:data1\" content=\"1 minute\" \/>\n<script type=\"application\/ld+json\" class=\"yoast-schema-graph\">{\"@context\":\"https:\/\/schema.org\",\"@graph\":[{\"@type\":\"WebPage\",\"@id\":\"https:\/\/vetpoint.pt\/en\/legal-notice\/\",\"url\":\"https:\/\/vetpoint.pt\/en\/legal-notice\/\",\"name\":\"Aviso Legal da Cl\u00ednica Veterin\u00e1ria - Vet.Point\",\"isPartOf\":{\"@id\":\"https:\/\/vetpoint.pt\/#website\"},\"datePublished\":\"2020-08-16T11:36:18+00:00\",\"dateModified\":\"2024-06-03T14:35:20+00:00\",\"description\":\"P\u00e1gina que cont\u00e9m o aviso legal da Cl\u00ednica Veterin\u00e1ria Vet.Point com informa\u00e7\u00f5es sobre a marca, os respons\u00e1veis editoriais, entre outros.\",\"breadcrumb\":{\"@id\":\"https:\/\/vetpoint.pt\/en\/legal-notice\/#breadcrumb\"},\"inLanguage\":\"en-US\",\"potentialAction\":[{\"@type\":\"ReadAction\",\"target\":[\"https:\/\/vetpoint.pt\/en\/legal-notice\/\"]}]},{\"@type\":\"BreadcrumbList\",\"@id\":\"https:\/\/vetpoint.pt\/en\/legal-notice\/#breadcrumb\",\"itemListElement\":[{\"@type\":\"ListItem\",\"position\":1,\"name\":\"In\u00edcio\",\"item\":\"https:\/\/vetpoint.pt\/en\/\"},{\"@type\":\"ListItem\",\"position\":2,\"name\":\"Legal notice\"}]},{\"@type\":\"WebSite\",\"@id\":\"https:\/\/vetpoint.pt\/#website\",\"url\":\"https:\/\/vetpoint.pt\/\",\"name\":\"Vet.Point\",\"description\":\"Veterin\u00e1rio, Oeiras\",\"publisher\":{\"@id\":\"https:\/\/vetpoint.pt\/#organization\"},\"potentialAction\":[{\"@type\":\"SearchAction\",\"target\":{\"@type\":\"EntryPoint\",\"urlTemplate\":\"https:\/\/vetpoint.pt\/?s={search_term_string}\"},\"query-input\":{\"@type\":\"PropertyValueSpecification\",\"valueRequired\":true,\"valueName\":\"search_term_string\"}}],\"inLanguage\":\"en-US\"},{\"@type\":\"Organization\",\"@id\":\"https:\/\/vetpoint.pt\/#organization\",\"name\":\"VetPoint - Veterin\u00e1rio, Oeiras\",\"url\":\"https:\/\/vetpoint.pt\/\",\"logo\":{\"@type\":\"ImageObject\",\"inLanguage\":\"en-US\",\"@id\":\"https:\/\/vetpoint.pt\/#\/schema\/logo\/image\/\",\"url\":\"https:\/\/vetpoint.pt\/wp-content\/uploads\/2021\/03\/cropped-Logotipo-completo-gato.jpg\",\"contentUrl\":\"https:\/\/vetpoint.pt\/wp-content\/uploads\/2021\/03\/cropped-Logotipo-completo-gato.jpg\",\"width\":1886,\"height\":1268,\"caption\":\"VetPoint - Veterin\u00e1rio, Oeiras\"},\"image\":{\"@id\":\"https:\/\/vetpoint.pt\/#\/schema\/logo\/image\/\"}}]}<\/script>\n<!-- \/ Yoast SEO plugin. -->","yoast_head_json":{"title":"Aviso Legal da Cl\u00ednica Veterin\u00e1ria - Vet.Point","description":"P\u00e1gina que cont\u00e9m o aviso legal da Cl\u00ednica Veterin\u00e1ria Vet.Point com informa\u00e7\u00f5es sobre a marca, os respons\u00e1veis editoriais, entre outros.","robots":{"index":"index","follow":"follow","max-snippet":"max-snippet:-1","max-image-preview":"max-image-preview:large","max-video-preview":"max-video-preview:-1"},"canonical":"https:\/\/vetpoint.pt\/en\/legal-notice\/","og_locale":"en_US","og_type":"article","og_title":"Aviso Legal da Cl\u00ednica Veterin\u00e1ria - Vet.Point","og_description":"P\u00e1gina que cont\u00e9m o aviso legal da Cl\u00ednica Veterin\u00e1ria Vet.Point com informa\u00e7\u00f5es sobre a marca, os respons\u00e1veis editoriais, entre outros.","og_url":"https:\/\/vetpoint.pt\/en\/legal-notice\/","og_site_name":"Vet.Point","article_modified_time":"2024-06-03T14:35:20+00:00","twitter_card":"summary_large_image","twitter_misc":{"Est. reading time":"1 minute"},"schema":{"@context":"https:\/\/schema.org","@graph":[{"@type":"WebPage","@id":"https:\/\/vetpoint.pt\/en\/legal-notice\/","url":"https:\/\/vetpoint.pt\/en\/legal-notice\/","name":"Aviso Legal da Cl\u00ednica Veterin\u00e1ria - Vet.Point","isPartOf":{"@id":"https:\/\/vetpoint.pt\/#website"},"datePublished":"2020-08-16T11:36:18+00:00","dateModified":"2024-06-03T14:35:20+00:00","description":"P\u00e1gina que cont\u00e9m o aviso legal da Cl\u00ednica Veterin\u00e1ria Vet.Point com informa\u00e7\u00f5es sobre a marca, os respons\u00e1veis editoriais, entre outros.","breadcrumb":{"@id":"https:\/\/vetpoint.pt\/en\/legal-notice\/#breadcrumb"},"inLanguage":"en-US","potentialAction":[{"@type":"ReadAction","target":["https:\/\/vetpoint.pt\/en\/legal-notice\/"]}]},{"@type":"BreadcrumbList","@id":"https:\/\/vetpoint.pt\/en\/legal-notice\/#breadcrumb","itemListElement":[{"@type":"ListItem","position":1,"name":"In\u00edcio","item":"https:\/\/vetpoint.pt\/en\/"},{"@type":"ListItem","position":2,"name":"Legal notice"}]},{"@type":"WebSite","@id":"https:\/\/vetpoint.pt\/#website","url":"https:\/\/vetpoint.pt\/","name":"Vet.Point","description":"Veterin\u00e1rio, Oeiras","publisher":{"@id":"https:\/\/vetpoint.pt\/#organization"},"potentialAction":[{"@type":"SearchAction","target":{"@type":"EntryPoint","urlTemplate":"https:\/\/vetpoint.pt\/?s={search_term_string}"},"query-input":{"@type":"PropertyValueSpecification","valueRequired":true,"valueName":"search_term_string"}}],"inLanguage":"en-US"},{"@type":"Organization","@id":"https:\/\/vetpoint.pt\/#organization","name":"VetPoint - Veterin\u00e1rio, Oeiras","url":"https:\/\/vetpoint.pt\/","logo":{"@type":"ImageObject","inLanguage":"en-US","@id":"https:\/\/vetpoint.pt\/#\/schema\/logo\/image\/","url":"https:\/\/vetpoint.pt\/wp-content\/uploads\/2021\/03\/cropped-Logotipo-completo-gato.jpg","contentUrl":"https:\/\/vetpoint.pt\/wp-content\/uploads\/2021\/03\/cropped-Logotipo-completo-gato.jpg","width":1886,"height":1268,"caption":"VetPoint - Veterin\u00e1rio, Oeiras"},"image":{"@id":"https:\/\/vetpoint.pt\/#\/schema\/logo\/image\/"}}]}},"_links":{"self":[{"href":"https:\/\/vetpoint.pt\/en\/wp-json\/wp\/v2\/pages\/1455"}],"collection":[{"href":"https:\/\/vetpoint.pt\/en\/wp-json\/wp\/v2\/pages"}],"about":[{"href":"https:\/\/vetpoint.pt\/en\/wp-json\/wp\/v2\/types\/page"}],"author":[{"embeddable":true,"href":"https:\/\/vetpoint.pt\/en\/wp-json\/wp\/v2\/users\/2"}],"replies":[{"embeddable":true,"href":"https:\/\/vetpoint.pt\/en\/wp-json\/wp\/v2\/comments?post=1455"}],"version-history":[{"count":5,"href":"https:\/\/vetpoint.pt\/en\/wp-json\/wp\/v2\/pages\/1455\/revisions"}],"predecessor-version":[{"id":1705,"href":"https:\/\/vetpoint.pt\/en\/wp-json\/wp\/v2\/pages\/1455\/revisions\/1705"}],"wp:attachment":[{"href":"https:\/\/vetpoint.pt\/en\/wp-json\/wp\/v2\/media?parent=1455"}],"curies":[{"name":"wp","href":"https:\/\/api.w.org\/{rel}","templated":true}]}}